{"id":170,"date":"2022-03-04T18:20:57","date_gmt":"2022-03-04T17:20:57","guid":{"rendered":"https:\/\/fleches-saintaffricaines.fr\/?page_id=170"},"modified":"2022-07-11T14:12:02","modified_gmt":"2022-07-11T12:12:02","slug":"mentions-legales","status":"publish","type":"page","link":"https:\/\/fleches-saintaffricaines.fr\/?page_id=170","title":{"rendered":"Mentions l\u00e9gales"},"content":{"rendered":"\t\t<div data-elementor-type=\"wp-page\" data-elementor-id=\"170\" class=\"elementor elementor-170\" data-elementor-post-type=\"page\">\n\t\t\t\t\t\t<section class=\"elementor-section elementor-top-section elementor-element elementor-element-fcb56ae elementor-section-stretched elementor-section-boxed elementor-section-height-default elementor-section-height-default\" data-id=\"fcb56ae\" data-element_type=\"section\" data-settings=\"{&quot;stretch_section&quot;:&quot;section-stretched&quot;}\">\n\t\t\t\t\t\t<div class=\"elementor-container elementor-column-gap-default\">\n\t\t\t\t\t<div class=\"elementor-column elementor-col-100 elementor-top-column elementor-element elementor-element-5794ff1\" data-id=\"5794ff1\" data-element_type=\"column\">\n\t\t\t<div class=\"elementor-widget-wrap elementor-element-populated\">\n\t\t\t\t\t\t<div class=\"elementor-element elementor-element-49f22fc elementor-widget elementor-widget-heading\" data-id=\"49f22fc\" data-element_type=\"widget\" data-widget_type=\"heading.default\">\n\t\t\t\t<div class=\"elementor-widget-container\">\n\t\t\t<style>\/*! elementor - v3.23.0 - 05-08-2024 *\/\n.elementor-heading-title{padding:0;margin:0;line-height:1}.elementor-widget-heading .elementor-heading-title[class*=elementor-size-]>a{color:inherit;font-size:inherit;line-height:inherit}.elementor-widget-heading .elementor-heading-title.elementor-size-small{font-size:15px}.elementor-widget-heading .elementor-heading-title.elementor-size-medium{font-size:19px}.elementor-widget-heading .elementor-heading-title.elementor-size-large{font-size:29px}.elementor-widget-heading .elementor-heading-title.elementor-size-xl{font-size:39px}.elementor-widget-heading .elementor-heading-title.elementor-size-xxl{font-size:59px}<\/style><h2 class=\"elementor-heading-title elementor-size-default\">Mentions l\u00e9gales<\/h2>\t\t<\/div>\n\t\t\t\t<\/div>\n\t\t\t\t\t<\/div>\n\t\t<\/div>\n\t\t\t\t\t<\/div>\n\t\t<\/section>\n\t\t\t\t<section class=\"elementor-section elementor-top-section elementor-element elementor-element-bfa632f elementor-section-stretched elementor-section-boxed elementor-section-height-default elementor-section-height-default\" data-id=\"bfa632f\" data-element_type=\"section\" data-settings=\"{&quot;stretch_section&quot;:&quot;section-stretched&quot;}\">\n\t\t\t\t\t\t<div class=\"elementor-container elementor-column-gap-default\">\n\t\t\t\t\t<div class=\"elementor-column elementor-col-100 elementor-top-column elementor-element elementor-element-df89c73\" data-id=\"df89c73\" data-element_type=\"column\">\n\t\t\t<div class=\"elementor-widget-wrap elementor-element-populated\">\n\t\t\t\t\t\t<div class=\"elementor-element elementor-element-5817967 elementor-widget elementor-widget-text-editor\" data-id=\"5817967\" data-element_type=\"widget\" data-widget_type=\"text-editor.default\">\n\t\t\t\t<div class=\"elementor-widget-container\">\n\t\t\t<style>\/*! elementor - v3.23.0 - 05-08-2024 *\/\n.elementor-widget-text-editor.elementor-drop-cap-view-stacked .elementor-drop-cap{background-color:#69727d;color:#fff}.elementor-widget-text-editor.elementor-drop-cap-view-framed .elementor-drop-cap{color:#69727d;border:3px solid;background-color:transparent}.elementor-widget-text-editor:not(.elementor-drop-cap-view-default) .elementor-drop-cap{margin-top:8px}.elementor-widget-text-editor:not(.elementor-drop-cap-view-default) .elementor-drop-cap-letter{width:1em;height:1em}.elementor-widget-text-editor .elementor-drop-cap{float:left;text-align:center;line-height:1;font-size:50px}.elementor-widget-text-editor .elementor-drop-cap-letter{display:inline-block}<\/style>\t\t\t\t<div class=\"elementor-element elementor-element-9310e8b elementor-widget elementor-widget-heading\" data-id=\"9310e8b\" data-element_type=\"widget\" data-widget_type=\"heading.default\"><div class=\"elementor-widget-container\"><p><strong>DROIT D\u2019AUTEUR-COPYRIGHT<\/strong><\/p><p>Le pr\u00e9sent site est la propri\u00e9t\u00e9 de Fl\u00e8ches Saint-Affricaines, \u00e9tablissement situ\u00e9 au 1, Rue Henry Michel, 12400 Saint-Affrique \u2013 France.<\/p><p>L\u2019ensemble de ce site rel\u00e8ve de la l\u00e9gislation fran\u00e7aise et internationale sur le droit d\u2019auteur et la propri\u00e9t\u00e9 intellectuelle.<\/p><p>Dans le cadre du respect des donn\u00e9es personnelles et de la vie priv\u00e9e Fl\u00e8ches Saint-Affricaines respecte la loi 78-17 du 6 janvier 1978 relative \u00e0 l\u2019informatique, aux fichiers et aux libert\u00e9s.<\/p><p><strong>LIMITATION DE RESPONSABILITE<\/strong><\/p><p>L\u2019utilisateur du site Internet reconna\u00eet disposer de la comp\u00e9tence et des moyens n\u00e9cessaires pour acc\u00e9der et utiliser ce site.<\/p><p>Fl\u00e8ches Saint-Affricaines se r\u00e9serve le droit de r\u00e9silier, de modifier, de suspendre ou d\u2019interrompre l\u2019acc\u00e8s \u00e0 tout ou partie du site, y compris notamment le contenu, les fonctionnalit\u00e9s ou les heures de disponibilit\u00e9 sans avis pr\u00e9alable.<\/p><p>Les informations disponibles sur le site internet ne sont pas contractuelle et sont uniquement mises \u00e0 disposition \u00e0 titre d\u2019exemples. Les utilisateurs s\u2019engagent \u00e0 contacter les services concern\u00e9s par courrier, t\u00e9l\u00e9phone ou e-mail pour obtenir de plus amples informations en cas de besoin.<\/p><p><strong>DROIT APPLICABLE<\/strong><\/p><p>Les pr\u00e9sentes informations l\u00e9gales sont soumises au droit interne fran\u00e7ais. La langue des Conditions G\u00e9n\u00e9rales est la langue fran\u00e7aise. En cas de litige, les tribunaux fran\u00e7ais seront seuls comp\u00e9tents.<\/p><p><strong>INFORMATIONS TECHNIQUES<\/strong><\/p><p>Il est rappel\u00e9 que le secret des correspondances n\u2019est pas garanti sur le r\u00e9seau<br \/>L\u2019utilisateur reconna\u00eet \u00e9galement avoir pris connaissance de la pr\u00e9sente notice l\u00e9gale et s\u2019engage \u00e0 la respecter.<\/p><p>Site h\u00e9berg\u00e9 chez OVH<\/p><p>2 rue Kellermann<br \/>59100 Roubaix<\/p><p><strong>CONCEPTION ET REALISATION DU SITE INTERNET<\/strong><\/p><p>Fl\u00e8ches Saint-Affricaines<br \/>1, Rue Henry Michel, 12400 Saint-Affrique<\/p><p><a href=\"fleches.saintaffricaines@gmail.com\">fleches.saintaffricaines@gmail.com<\/a><\/p><\/div><\/div><div class=\"elementor-element elementor-element-fd9ee9c elementor-widget elementor-widget-text-editor\" data-id=\"fd9ee9c\" data-element_type=\"widget\" data-widget_type=\"text-editor.default\"><div class=\"elementor-widget-container\"><div class=\"elementor-text-editor elementor-clearfix\"><p><strong>POLITIQUE DE CONFIDENTIALIT\u00c9<\/strong><\/p><\/div><div><a href=\"https:\/\/www.iubenda.com\/privacy-policy\/20761846\">Acc\u00e9der \u00e0 la politique de confidentialit\u00e9<\/a><\/div><\/div><\/div>\t\t\t\t\t\t<\/div>\n\t\t\t\t<\/div>\n\t\t\t\t\t<\/div>\n\t\t<\/div>\n\t\t\t\t\t<\/div>\n\t\t<\/section>\n\t\t\t\t<\/div>\n\t\t","protected":false},"excerpt":{"rendered":"<p>Mentions l\u00e9gales DROIT D\u2019AUTEUR-COPYRIGHT Le pr\u00e9sent site est la propri\u00e9t\u00e9 de Fl\u00e8ches Saint-Affricaines, \u00e9tablissement situ\u00e9 au 1, Rue Henry Michel, 12400 Saint-Affrique \u2013 France. L\u2019ensemble de ce site rel\u00e8ve de la l\u00e9gislation fran\u00e7aise et internationale sur le droit d\u2019auteur et la propri\u00e9t\u00e9 intellectuelle. Dans le cadre du respect des donn\u00e9es personnelles et de la vie [&hellip;]<\/p>\n","protected":false},"author":1,"featured_media":0,"parent":0,"menu_order":0,"comment_status":"closed","ping_status":"closed","template":"","meta":{"footnotes":""},"class_list":["post-170","page","type-page","status-publish","hentry"],"yoast_head":"<!-- This site is optimized with the Yoast SEO plugin v23.3 - https:\/\/yoast.com\/wordpress\/plugins\/seo\/ -->\n<title>Mentions l\u00e9gales - Fleches Saint-Affricaines<\/title>\n<meta name=\"robots\" content=\"index, follow, max-snippet:-1, max-image-preview:large, max-video-preview:-1\" \/>\n<link rel=\"canonical\" href=\"https:\/\/fleches-saintaffricaines.fr\/?page_id=170\" \/>\n<meta property=\"og:locale\" content=\"fr_FR\" \/>\n<meta property=\"og:type\" content=\"article\" \/>\n<meta property=\"og:title\" content=\"Mentions l\u00e9gales - Fleches Saint-Affricaines\" \/>\n<meta property=\"og:description\" content=\"Mentions l\u00e9gales DROIT D\u2019AUTEUR-COPYRIGHT Le pr\u00e9sent site est la propri\u00e9t\u00e9 de Fl\u00e8ches Saint-Affricaines, \u00e9tablissement situ\u00e9 au 1, Rue Henry Michel, 12400 Saint-Affrique \u2013 France. L\u2019ensemble de ce site rel\u00e8ve de la l\u00e9gislation fran\u00e7aise et internationale sur le droit d\u2019auteur et la propri\u00e9t\u00e9 intellectuelle. Dans le cadre du respect des donn\u00e9es personnelles et de la vie [&hellip;]\" \/>\n<meta property=\"og:url\" content=\"https:\/\/fleches-saintaffricaines.fr\/?page_id=170\" \/>\n<meta property=\"og:site_name\" content=\"Fleches Saint-Affricaines\" \/>\n<meta property=\"article:modified_time\" content=\"2022-07-11T12:12:02+00:00\" \/>\n<meta name=\"twitter:card\" content=\"summary_large_image\" \/>\n<meta name=\"twitter:label1\" content=\"Dur\u00e9e de lecture estim\u00e9e\" \/>\n\t<meta name=\"twitter:data1\" content=\"3 minutes\" \/>\n<script type=\"application\/ld+json\" class=\"yoast-schema-graph\">{\"@context\":\"https:\/\/schema.org\",\"@graph\":[{\"@type\":\"WebPage\",\"@id\":\"https:\/\/fleches-saintaffricaines.fr\/?page_id=170\",\"url\":\"https:\/\/fleches-saintaffricaines.fr\/?page_id=170\",\"name\":\"Mentions l\u00e9gales - Fleches Saint-Affricaines\",\"isPartOf\":{\"@id\":\"https:\/\/fleches-saintaffricaines.fr\/#website\"},\"datePublished\":\"2022-03-04T17:20:57+00:00\",\"dateModified\":\"2022-07-11T12:12:02+00:00\",\"breadcrumb\":{\"@id\":\"https:\/\/fleches-saintaffricaines.fr\/?page_id=170#breadcrumb\"},\"inLanguage\":\"fr-FR\",\"potentialAction\":[{\"@type\":\"ReadAction\",\"target\":[\"https:\/\/fleches-saintaffricaines.fr\/?page_id=170\"]}]},{\"@type\":\"BreadcrumbList\",\"@id\":\"https:\/\/fleches-saintaffricaines.fr\/?page_id=170#breadcrumb\",\"itemListElement\":[{\"@type\":\"ListItem\",\"position\":1,\"name\":\"Accueil\",\"item\":\"https:\/\/fleches-saintaffricaines.fr\/\"},{\"@type\":\"ListItem\",\"position\":2,\"name\":\"Mentions l\u00e9gales\"}]},{\"@type\":\"WebSite\",\"@id\":\"https:\/\/fleches-saintaffricaines.fr\/#website\",\"url\":\"https:\/\/fleches-saintaffricaines.fr\/\",\"name\":\"Fleches Saint-Affricaines\",\"description\":\"Un site utilisant WordPress\",\"potentialAction\":[{\"@type\":\"SearchAction\",\"target\":{\"@type\":\"EntryPoint\",\"urlTemplate\":\"https:\/\/fleches-saintaffricaines.fr\/?s={search_term_string}\"},\"query-input\":\"required name=search_term_string\"}],\"inLanguage\":\"fr-FR\"}]}<\/script>\n<!-- \/ Yoast SEO plugin. -->","yoast_head_json":{"title":"Mentions l\u00e9gales - Fleches Saint-Affricaines","robots":{"index":"index","follow":"follow","max-snippet":"max-snippet:-1","max-image-preview":"max-image-preview:large","max-video-preview":"max-video-preview:-1"},"canonical":"https:\/\/fleches-saintaffricaines.fr\/?page_id=170","og_locale":"fr_FR","og_type":"article","og_title":"Mentions l\u00e9gales - Fleches Saint-Affricaines","og_description":"Mentions l\u00e9gales DROIT D\u2019AUTEUR-COPYRIGHT Le pr\u00e9sent site est la propri\u00e9t\u00e9 de Fl\u00e8ches Saint-Affricaines, \u00e9tablissement situ\u00e9 au 1, Rue Henry Michel, 12400 Saint-Affrique \u2013 France. L\u2019ensemble de ce site rel\u00e8ve de la l\u00e9gislation fran\u00e7aise et internationale sur le droit d\u2019auteur et la propri\u00e9t\u00e9 intellectuelle. Dans le cadre du respect des donn\u00e9es personnelles et de la vie [&hellip;]","og_url":"https:\/\/fleches-saintaffricaines.fr\/?page_id=170","og_site_name":"Fleches Saint-Affricaines","article_modified_time":"2022-07-11T12:12:02+00:00","twitter_card":"summary_large_image","twitter_misc":{"Dur\u00e9e de lecture estim\u00e9e":"3 minutes"},"schema":{"@context":"https:\/\/schema.org","@graph":[{"@type":"WebPage","@id":"https:\/\/fleches-saintaffricaines.fr\/?page_id=170","url":"https:\/\/fleches-saintaffricaines.fr\/?page_id=170","name":"Mentions l\u00e9gales - Fleches Saint-Affricaines","isPartOf":{"@id":"https:\/\/fleches-saintaffricaines.fr\/#website"},"datePublished":"2022-03-04T17:20:57+00:00","dateModified":"2022-07-11T12:12:02+00:00","breadcrumb":{"@id":"https:\/\/fleches-saintaffricaines.fr\/?page_id=170#breadcrumb"},"inLanguage":"fr-FR","potentialAction":[{"@type":"ReadAction","target":["https:\/\/fleches-saintaffricaines.fr\/?page_id=170"]}]},{"@type":"BreadcrumbList","@id":"https:\/\/fleches-saintaffricaines.fr\/?page_id=170#breadcrumb","itemListElement":[{"@type":"ListItem","position":1,"name":"Accueil","item":"https:\/\/fleches-saintaffricaines.fr\/"},{"@type":"ListItem","position":2,"name":"Mentions l\u00e9gales"}]},{"@type":"WebSite","@id":"https:\/\/fleches-saintaffricaines.fr\/#website","url":"https:\/\/fleches-saintaffricaines.fr\/","name":"Fleches Saint-Affricaines","description":"Un site utilisant WordPress","potentialAction":[{"@type":"SearchAction","target":{"@type":"EntryPoint","urlTemplate":"https:\/\/fleches-saintaffricaines.fr\/?s={search_term_string}"},"query-input":"required name=search_term_string"}],"inLanguage":"fr-FR"}]}},"_links":{"self":[{"href":"https:\/\/fleches-saintaffricaines.fr\/index.php?rest_route=\/wp\/v2\/pages\/170","targetHints":{"allow":["GET"]}}],"collection":[{"href":"https:\/\/fleches-saintaffricaines.fr\/index.php?rest_route=\/wp\/v2\/pages"}],"about":[{"href":"https:\/\/fleches-saintaffricaines.fr\/index.php?rest_route=\/wp\/v2\/types\/page"}],"author":[{"embeddable":true,"href":"https:\/\/fleches-saintaffricaines.fr\/index.php?rest_route=\/wp\/v2\/users\/1"}],"replies":[{"embeddable":true,"href":"https:\/\/fleches-saintaffricaines.fr\/index.php?rest_route=%2Fwp%2Fv2%2Fcomments&post=170"}],"version-history":[{"count":10,"href":"https:\/\/fleches-saintaffricaines.fr\/index.php?rest_route=\/wp\/v2\/pages\/170\/revisions"}],"predecessor-version":[{"id":277,"href":"https:\/\/fleches-saintaffricaines.fr\/index.php?rest_route=\/wp\/v2\/pages\/170\/revisions\/277"}],"wp:attachment":[{"href":"https:\/\/fleches-saintaffricaines.fr\/index.php?rest_route=%2Fwp%2Fv2%2Fmedia&parent=170"}],"curies":[{"name":"wp","href":"https:\/\/api.w.org\/{rel}","templated":true}]}}